{"id":472,"date":"2022-11-12T00:06:02","date_gmt":"2022-11-12T00:06:02","guid":{"rendered":"http:\/\/autoimpuls.pl\/?post_type=product&#038;p=472"},"modified":"2022-11-12T00:06:02","modified_gmt":"2022-11-12T00:06:02","slug":"mapy-nawigacji-peugeot-citroen-ds","status":"publish","type":"product","link":"http:\/\/autoimpuls.pl\/index.php\/produkt\/mapy-nawigacji-peugeot-citroen-ds\/","title":{"rendered":"MAPY NAWIGACJI PEUGEOT * CITROEN * DS"},"content":{"rendered":"<p>Oferujemy aktualizacj\u0119 map dla nawigacji GPS MyWay RNEG eMyWay RT6 Touchscreen Connect Nav dla CITROEN PEUGEOT DS od 2007 roku<\/p>\n<p><strong><em>Najnowsze mapy 2022-2023 edycja 1, kt\u00f3re b\u0119d\u0105 wydaniem do wrze\u015bnia\/pa\u017adziernika 2023.<\/em><\/strong><\/p>\n<p>do pami\u0119ci nawigacji z du\u017cym ekranem i portem USB czyli\u00a0<strong>RT6, RNEG2, SMEG, SMEG+, SMEG IV2<\/strong>.<\/p>\n<p>Aktualizacja pasuje do nawigacji ze zdj\u0119\u0107 lub\/i aut\u00a0<strong>od 2011 do 2016\/2017 roku<\/strong>:<\/p>\n<ul>\n<li><strong>Peugeot<\/strong>: 208, 2008, 508, 5008, 3008, 308, 308 CC, 807, Expert, Partner,<\/li>\n<li><strong>Citroen<\/strong>: C8, C5, C4, C4 Cactus, C4 Picasso, C3, C3 Picasso, DS5, DS4, DS3, Berlingo, Jumpy oraz Fiat i Lancia<\/li>\n<\/ul>\n<p><strong><em>Pokrycie kraj\u00f3w:<\/em><\/strong><\/p>\n<p>Albania, Austria, Bia\u0142oru\u015b, Belgia, Bo\u015bnia i Hercegowina, Bu\u0142garia, Chorwacja, Republika Czeska, Dania, Estonia, Finlandia, Francja, Niemcy, Grecja, W\u0119gry, Islandia, Irlandia, W\u0142ochy, Kosowo, \u0141otwa, Litwa, Luksemburg, Macedonia, Malta, Mo\u0142dawia, Czarnog\u00f3ra, Holandia, Norwegia, Polska, Portugalia, Rumunia, Serbia, Republika S\u0142owacka, S\u0142owenia, Hiszpania, Szwecja, Szwajcaria, Ukraina, Wielka Brytania.<\/p>\n<h2 style=\"text-align: center;\"><strong>Aktualizacj\u0119 wykonujemy w naszym warsztacie lub przesy\u0142amy mapy online.<\/strong><\/h2>\n<h4>Przy zakupie podaj numer nadwozia auta i wersje systemu (widoczn\u0105 w &#8222;Diagnostyce radiotelefonu&#8221; po d\u0142ugim naci\u015bni\u0119ciu &#8222;Setup&#8221; lub &#8222;Menu&#8221; albo ikony 2 z\u0119batych k\u00f3\u0142ek) zaczynaj\u0105c\u0105 si\u0119 od SMEG&#8230; lub RNEG&#8230;<\/h4>\n<p><img loading=\"lazy\" decoding=\"async\" class=\"wp-image-473 aligncenter\" src=\"http:\/\/autoimpuls.pl\/wp-content\/uploads\/2022\/11\/Nowe-mapy-2021-Peugeot-208-2008-508-5008-308-3008-EAN-GTIN-7427072367528-300x195.jpg\" alt=\"\" width=\"372\" height=\"242\" srcset=\"http:\/\/autoimpuls.pl\/wp-content\/uploads\/2022\/11\/Nowe-mapy-2021-Peugeot-208-2008-508-5008-308-3008-EAN-GTIN-7427072367528-300x195.jpg 300w, http:\/\/autoimpuls.pl\/wp-content\/uploads\/2022\/11\/Nowe-mapy-2021-Peugeot-208-2008-508-5008-308-3008-EAN-GTIN-7427072367528-600x391.jpg 600w, http:\/\/autoimpuls.pl\/wp-content\/uploads\/2022\/11\/Nowe-mapy-2021-Peugeot-208-2008-508-5008-308-3008-EAN-GTIN-7427072367528.jpg 732w\" sizes=\"auto, (max-width: 372px) 100vw, 372px\" \/><\/p>\n<p><img loading=\"lazy\" decoding=\"async\" class=\"alignnone  wp-image-466\" src=\"http:\/\/autoimpuls.pl\/wp-content\/uploads\/2022\/11\/peugeot-citroen-ng4-wip-com-3d-mapa-mapy-kolo-328685052-300x300.jpg\" alt=\"\" width=\"391\" height=\"391\" srcset=\"http:\/\/autoimpuls.pl\/wp-content\/uploads\/2022\/11\/peugeot-citroen-ng4-wip-com-3d-mapa-mapy-kolo-328685052-300x300.jpg 300w, http:\/\/autoimpuls.pl\/wp-content\/uploads\/2022\/11\/peugeot-citroen-ng4-wip-com-3d-mapa-mapy-kolo-328685052-150x150.jpg 150w, http:\/\/autoimpuls.pl\/wp-content\/uploads\/2022\/11\/peugeot-citroen-ng4-wip-com-3d-mapa-mapy-kolo-328685052-380x380.jpg 380w, http:\/\/autoimpuls.pl\/wp-content\/uploads\/2022\/11\/peugeot-citroen-ng4-wip-com-3d-mapa-mapy-kolo-328685052-285x285.jpg 285w, http:\/\/autoimpuls.pl\/wp-content\/uploads\/2022\/11\/peugeot-citroen-ng4-wip-com-3d-mapa-mapy-kolo-328685052-100x100.jpg 100w, http:\/\/autoimpuls.pl\/wp-content\/uploads\/2022\/11\/peugeot-citroen-ng4-wip-com-3d-mapa-mapy-kolo-328685052.jpg 500w\" sizes=\"auto, (max-width: 391px) 100vw, 391px\" \/> <img loading=\"lazy\" decoding=\"async\" class=\"alignnone  wp-image-465\" src=\"http:\/\/autoimpuls.pl\/wp-content\/uploads\/2022\/11\/peugeot-308-aktualizacja-nawigacji-oryginal-pozostale-sprzedam-471291798-300x225.jpg\" alt=\"\" width=\"409\" height=\"307\" srcset=\"http:\/\/autoimpuls.pl\/wp-content\/uploads\/2022\/11\/peugeot-308-aktualizacja-nawigacji-oryginal-pozostale-sprzedam-471291798-300x225.jpg 300w, http:\/\/autoimpuls.pl\/wp-content\/uploads\/2022\/11\/peugeot-308-aktualizacja-nawigacji-oryginal-pozostale-sprzedam-471291798-768x576.jpg 768w, http:\/\/autoimpuls.pl\/wp-content\/uploads\/2022\/11\/peugeot-308-aktualizacja-nawigacji-oryginal-pozostale-sprzedam-471291798-600x450.jpg 600w, http:\/\/autoimpuls.pl\/wp-content\/uploads\/2022\/11\/peugeot-308-aktualizacja-nawigacji-oryginal-pozostale-sprzedam-471291798.jpg 960w\" sizes=\"auto, (max-width: 409px) 100vw, 409px\" \/> <img loading=\"lazy\" decoding=\"async\" class=\"alignnone size-medium wp-image-464\" src=\"http:\/\/autoimpuls.pl\/wp-content\/uploads\/2022\/11\/mapy-2022-rneg2-smeg-peugeot-2082008308508-wielkopolskie-klodawa-sprzedam-552256642-300x213.jpg\" alt=\"\" width=\"300\" height=\"213\" srcset=\"http:\/\/autoimpuls.pl\/wp-content\/uploads\/2022\/11\/mapy-2022-rneg2-smeg-peugeot-2082008308508-wielkopolskie-klodawa-sprzedam-552256642-300x213.jpg 300w, http:\/\/autoimpuls.pl\/wp-content\/uploads\/2022\/11\/mapy-2022-rneg2-smeg-peugeot-2082008308508-wielkopolskie-klodawa-sprzedam-552256642-768x546.jpg 768w, http:\/\/autoimpuls.pl\/wp-content\/uploads\/2022\/11\/mapy-2022-rneg2-smeg-peugeot-2082008308508-wielkopolskie-klodawa-sprzedam-552256642-600x426.jpg 600w, http:\/\/autoimpuls.pl\/wp-content\/uploads\/2022\/11\/mapy-2022-rneg2-smeg-peugeot-2082008308508-wielkopolskie-klodawa-sprzedam-552256642.jpg 960w\" sizes=\"auto, (max-width: 300px) 100vw, 300px\" \/> <img loading=\"lazy\" decoding=\"async\" class=\"alignnone  wp-image-462\" src=\"http:\/\/autoimpuls.pl\/wp-content\/uploads\/2022\/11\/mapy-citroen-peugeot-myway-rneg-20162-kartasd-warszawa-436546737-300x153.jpg\" alt=\"\" width=\"431\" height=\"220\" srcset=\"http:\/\/autoimpuls.pl\/wp-content\/uploads\/2022\/11\/mapy-citroen-peugeot-myway-rneg-20162-kartasd-warszawa-436546737-300x153.jpg 300w, http:\/\/autoimpuls.pl\/wp-content\/uploads\/2022\/11\/mapy-citroen-peugeot-myway-rneg-20162-kartasd-warszawa-436546737-768x391.jpg 768w, http:\/\/autoimpuls.pl\/wp-content\/uploads\/2022\/11\/mapy-citroen-peugeot-myway-rneg-20162-kartasd-warszawa-436546737-600x306.jpg 600w, http:\/\/autoimpuls.pl\/wp-content\/uploads\/2022\/11\/mapy-citroen-peugeot-myway-rneg-20162-kartasd-warszawa-436546737.jpg 960w\" sizes=\"auto, (max-width: 431px) 100vw, 431px\" \/><\/p>\n","protected":false},"excerpt":{"rendered":"<p>Oferujemy aktualizacj\u0119 map dla nawigacji GPS MyWay RNEG eMyWay RT6 Touchscreen Connect Nav dla CITROEN PEUGEOT DS od 2007 roku<\/p>\n<p><strong><em>Najnowsze mapy 2022-2023 edycja 1, kt\u00f3re b\u0119d\u0105 wydaniem do wrze\u015bnia\/pa\u017adziernika 2023.<\/em><\/strong><\/p>\n<p>do pami\u0119ci nawigacji z du\u017cym ekranem i portem USB czyli\u00a0<strong>RT6, RNEG2, SMEG, SMEG+, SMEG IV2<\/strong>.<\/p>\n<p>Aktualizacja pasuje do nawigacji ze zdj\u0119\u0107 lub\/i aut\u00a0<strong>od 2011 do 2016\/2017 roku<\/strong>:<\/p>\n<ul>\n<li><strong>Peugeot<\/strong>: 208, 2008, 508, 5008, 3008, 308, 308 CC, 807, Expert, Partner,<\/li>\n<li><strong>Citroen<\/strong>: C8, C5, C4, C4 Cactus, C4 Picasso, C3, C3 Picasso, DS5, DS4, DS3, Berlingo, Jumpy oraz Fiat i Lancia<img loading=\"lazy\" decoding=\"async\" class=\"size-medium wp-image-467 aligncenter\" src=\"http:\/\/autoimpuls.pl\/wp-content\/uploads\/2022\/11\/s-l1600-300x185.jpg\" alt=\"\" width=\"300\" height=\"185\" srcset=\"http:\/\/autoimpuls.pl\/wp-content\/uploads\/2022\/11\/s-l1600-300x185.jpg 300w, http:\/\/autoimpuls.pl\/wp-content\/uploads\/2022\/11\/s-l1600-768x474.jpg 768w, http:\/\/autoimpuls.pl\/wp-content\/uploads\/2022\/11\/s-l1600-600x370.jpg 600w, http:\/\/autoimpuls.pl\/wp-content\/uploads\/2022\/11\/s-l1600.jpg 827w\" sizes=\"auto, (max-width: 300px) 100vw, 300px\" \/><\/li>\n<\/ul>\n","protected":false},"featured_media":461,"comment_status":"open","ping_status":"closed","template":"","meta":[],"product_cat":[44,43],"product_tag":[],"class_list":["post-472","product","type-product","status-publish","has-post-thumbnail","hentry","product_cat-citroen-peugeot-ds","product_cat-nawigacja"],"yoast_head":"<!-- This site is optimized with the Yoast SEO plugin v19.10 - https:\/\/yoast.com\/wordpress\/plugins\/seo\/ -->\n<title>MAPY NAWIGACJI PEUGEOT * CITROEN * DS - Auto Impuls<\/title>\n<meta name=\"description\" content=\"Oferujemy aktualizacj\u0119 map dla nawigacji GPS dla CITROEN PEUGEOT DS od 2007 roku Peugeot: 208, 2008, 508, 5008, 3008, 308, 308 CC, 807, Expert, Partner,Citroen: C8, C5, C4, C4 Cactus, C4 Picasso, C3, C3 Picasso, DS5, DS4, DS3, Berlingo, Jumpy oraz Fiat i Lancia\" \/>\n<meta name=\"robots\" content=\"index, follow, max-snippet:-1, max-image-preview:large, max-video-preview:-1\" \/>\n<link rel=\"canonical\" href=\"https:\/\/autoimpuls.pl\/index.php\/produkt\/mapy-nawigacji-peugeot-citroen-ds\/\" \/>\n<meta property=\"og:locale\" content=\"pl_PL\" \/>\n<meta property=\"og:type\" content=\"article\" \/>\n<meta property=\"og:title\" content=\"MAPY NAWIGACJI PEUGEOT * CITROEN * DS - Auto Impuls\" \/>\n<meta property=\"og:description\" content=\"Oferujemy aktualizacj\u0119 map dla nawigacji GPS dla CITROEN PEUGEOT DS od 2007 roku Peugeot: 208, 2008, 508, 5008, 3008, 308, 308 CC, 807, Expert, Partner,Citroen: C8, C5, C4, C4 Cactus, C4 Picasso, C3, C3 Picasso, DS5, DS4, DS3, Berlingo, Jumpy oraz Fiat i Lancia\" \/>\n<meta property=\"og:url\" content=\"https:\/\/autoimpuls.pl\/index.php\/produkt\/mapy-nawigacji-peugeot-citroen-ds\/\" \/>\n<meta property=\"og:site_name\" content=\"Auto Impuls\" \/>\n<meta property=\"og:image\" content=\"https:\/\/autoimpuls.pl\/wp-content\/uploads\/2022\/11\/Peugeot_navigation_maps_Europe.jpg\" \/>\n\t<meta property=\"og:image:width\" content=\"895\" \/>\n\t<meta property=\"og:image:height\" content=\"555\" \/>\n\t<meta property=\"og:image:type\" content=\"image\/jpeg\" \/>\n<meta name=\"twitter:card\" content=\"summary_large_image\" \/>\n<meta name=\"twitter:label1\" content=\"Szacowany czas czytania\" \/>\n\t<meta name=\"twitter:data1\" content=\"3 minuty\" \/>\n<script type=\"application\/ld+json\" class=\"yoast-schema-graph\">{\"@context\":\"https:\/\/schema.org\",\"@graph\":[{\"@type\":\"WebPage\",\"@id\":\"https:\/\/autoimpuls.pl\/index.php\/produkt\/mapy-nawigacji-peugeot-citroen-ds\/\",\"url\":\"https:\/\/autoimpuls.pl\/index.php\/produkt\/mapy-nawigacji-peugeot-citroen-ds\/\",\"name\":\"MAPY NAWIGACJI PEUGEOT * CITROEN * DS - Auto Impuls\",\"isPartOf\":{\"@id\":\"http:\/\/autoimpuls.pl\/#website\"},\"datePublished\":\"2022-11-12T00:06:02+00:00\",\"dateModified\":\"2022-11-12T00:06:02+00:00\",\"description\":\"Oferujemy aktualizacj\u0119 map dla nawigacji GPS dla CITROEN PEUGEOT DS od 2007 roku Peugeot: 208, 2008, 508, 5008, 3008, 308, 308 CC, 807, Expert, Partner,Citroen: C8, C5, C4, C4 Cactus, C4 Picasso, C3, C3 Picasso, DS5, DS4, DS3, Berlingo, Jumpy oraz Fiat i Lancia\",\"breadcrumb\":{\"@id\":\"https:\/\/autoimpuls.pl\/index.php\/produkt\/mapy-nawigacji-peugeot-citroen-ds\/#breadcrumb\"},\"inLanguage\":\"pl-PL\",\"potentialAction\":[{\"@type\":\"ReadAction\",\"target\":[\"https:\/\/autoimpuls.pl\/index.php\/produkt\/mapy-nawigacji-peugeot-citroen-ds\/\"]}]},{\"@type\":\"BreadcrumbList\",\"@id\":\"https:\/\/autoimpuls.pl\/index.php\/produkt\/mapy-nawigacji-peugeot-citroen-ds\/#breadcrumb\",\"itemListElement\":[{\"@type\":\"ListItem\",\"position\":1,\"name\":\"Strona g\u0142\u00f3wna\",\"item\":\"http:\/\/autoimpuls.pl\/\"},{\"@type\":\"ListItem\",\"position\":2,\"name\":\"Sklep\",\"item\":\"https:\/\/autoimpuls.pl\/index.php\/sklep\/\"},{\"@type\":\"ListItem\",\"position\":3,\"name\":\"MAPY NAWIGACJI PEUGEOT * CITROEN * DS\"}]},{\"@type\":\"WebSite\",\"@id\":\"http:\/\/autoimpuls.pl\/#website\",\"url\":\"http:\/\/autoimpuls.pl\/\",\"name\":\"Auto Impuls\",\"description\":\"Elektronika Samochodowa\",\"publisher\":{\"@id\":\"http:\/\/autoimpuls.pl\/#organization\"},\"potentialAction\":[{\"@type\":\"SearchAction\",\"target\":{\"@type\":\"EntryPoint\",\"urlTemplate\":\"http:\/\/autoimpuls.pl\/?s={search_term_string}\"},\"query-input\":\"required name=search_term_string\"}],\"inLanguage\":\"pl-PL\"},{\"@type\":\"Organization\",\"@id\":\"http:\/\/autoimpuls.pl\/#organization\",\"name\":\"Auto Impuls\",\"url\":\"http:\/\/autoimpuls.pl\/\",\"logo\":{\"@type\":\"ImageObject\",\"inLanguage\":\"pl-PL\",\"@id\":\"http:\/\/autoimpuls.pl\/#\/schema\/logo\/image\/\",\"url\":\"http:\/\/autoimpuls.pl\/wp-content\/uploads\/2022\/04\/cropped-cropped-Auto-Impuls-1.png\",\"contentUrl\":\"http:\/\/autoimpuls.pl\/wp-content\/uploads\/2022\/04\/cropped-cropped-Auto-Impuls-1.png\",\"width\":500,\"height\":334,\"caption\":\"Auto Impuls\"},\"image\":{\"@id\":\"http:\/\/autoimpuls.pl\/#\/schema\/logo\/image\/\"}}]}<\/script>\n<!-- \/ Yoast SEO plugin. -->","yoast_head_json":{"title":"MAPY NAWIGACJI PEUGEOT * CITROEN * DS - Auto Impuls","description":"Oferujemy aktualizacj\u0119 map dla nawigacji GPS dla CITROEN PEUGEOT DS od 2007 roku Peugeot: 208, 2008, 508, 5008, 3008, 308, 308 CC, 807, Expert, Partner,Citroen: C8, C5, C4, C4 Cactus, C4 Picasso, C3, C3 Picasso, DS5, DS4, DS3, Berlingo, Jumpy oraz Fiat i Lancia","robots":{"index":"index","follow":"follow","max-snippet":"max-snippet:-1","max-image-preview":"max-image-preview:large","max-video-preview":"max-video-preview:-1"},"canonical":"https:\/\/autoimpuls.pl\/index.php\/produkt\/mapy-nawigacji-peugeot-citroen-ds\/","og_locale":"pl_PL","og_type":"article","og_title":"MAPY NAWIGACJI PEUGEOT * CITROEN * DS - Auto Impuls","og_description":"Oferujemy aktualizacj\u0119 map dla nawigacji GPS dla CITROEN PEUGEOT DS od 2007 roku Peugeot: 208, 2008, 508, 5008, 3008, 308, 308 CC, 807, Expert, Partner,Citroen: C8, C5, C4, C4 Cactus, C4 Picasso, C3, C3 Picasso, DS5, DS4, DS3, Berlingo, Jumpy oraz Fiat i Lancia","og_url":"https:\/\/autoimpuls.pl\/index.php\/produkt\/mapy-nawigacji-peugeot-citroen-ds\/","og_site_name":"Auto Impuls","og_image":[{"width":895,"height":555,"url":"https:\/\/autoimpuls.pl\/wp-content\/uploads\/2022\/11\/Peugeot_navigation_maps_Europe.jpg","type":"image\/jpeg"}],"twitter_card":"summary_large_image","twitter_misc":{"Szacowany czas czytania":"3 minuty"},"schema":{"@context":"https:\/\/schema.org","@graph":[{"@type":"WebPage","@id":"https:\/\/autoimpuls.pl\/index.php\/produkt\/mapy-nawigacji-peugeot-citroen-ds\/","url":"https:\/\/autoimpuls.pl\/index.php\/produkt\/mapy-nawigacji-peugeot-citroen-ds\/","name":"MAPY NAWIGACJI PEUGEOT * CITROEN * DS - Auto Impuls","isPartOf":{"@id":"http:\/\/autoimpuls.pl\/#website"},"datePublished":"2022-11-12T00:06:02+00:00","dateModified":"2022-11-12T00:06:02+00:00","description":"Oferujemy aktualizacj\u0119 map dla nawigacji GPS dla CITROEN PEUGEOT DS od 2007 roku Peugeot: 208, 2008, 508, 5008, 3008, 308, 308 CC, 807, Expert, Partner,Citroen: C8, C5, C4, C4 Cactus, C4 Picasso, C3, C3 Picasso, DS5, DS4, DS3, Berlingo, Jumpy oraz Fiat i Lancia","breadcrumb":{"@id":"https:\/\/autoimpuls.pl\/index.php\/produkt\/mapy-nawigacji-peugeot-citroen-ds\/#breadcrumb"},"inLanguage":"pl-PL","potentialAction":[{"@type":"ReadAction","target":["https:\/\/autoimpuls.pl\/index.php\/produkt\/mapy-nawigacji-peugeot-citroen-ds\/"]}]},{"@type":"BreadcrumbList","@id":"https:\/\/autoimpuls.pl\/index.php\/produkt\/mapy-nawigacji-peugeot-citroen-ds\/#breadcrumb","itemListElement":[{"@type":"ListItem","position":1,"name":"Strona g\u0142\u00f3wna","item":"http:\/\/autoimpuls.pl\/"},{"@type":"ListItem","position":2,"name":"Sklep","item":"https:\/\/autoimpuls.pl\/index.php\/sklep\/"},{"@type":"ListItem","position":3,"name":"MAPY NAWIGACJI PEUGEOT * CITROEN * DS"}]},{"@type":"WebSite","@id":"http:\/\/autoimpuls.pl\/#website","url":"http:\/\/autoimpuls.pl\/","name":"Auto Impuls","description":"Elektronika Samochodowa","publisher":{"@id":"http:\/\/autoimpuls.pl\/#organization"},"potentialAction":[{"@type":"SearchAction","target":{"@type":"EntryPoint","urlTemplate":"http:\/\/autoimpuls.pl\/?s={search_term_string}"},"query-input":"required name=search_term_string"}],"inLanguage":"pl-PL"},{"@type":"Organization","@id":"http:\/\/autoimpuls.pl\/#organization","name":"Auto Impuls","url":"http:\/\/autoimpuls.pl\/","logo":{"@type":"ImageObject","inLanguage":"pl-PL","@id":"http:\/\/autoimpuls.pl\/#\/schema\/logo\/image\/","url":"http:\/\/autoimpuls.pl\/wp-content\/uploads\/2022\/04\/cropped-cropped-Auto-Impuls-1.png","contentUrl":"http:\/\/autoimpuls.pl\/wp-content\/uploads\/2022\/04\/cropped-cropped-Auto-Impuls-1.png","width":500,"height":334,"caption":"Auto Impuls"},"image":{"@id":"http:\/\/autoimpuls.pl\/#\/schema\/logo\/image\/"}}]}},"_links":{"self":[{"href":"http:\/\/autoimpuls.pl\/index.php\/wp-json\/wp\/v2\/product\/472","targetHints":{"allow":["GET"]}}],"collection":[{"href":"http:\/\/autoimpuls.pl\/index.php\/wp-json\/wp\/v2\/product"}],"about":[{"href":"http:\/\/autoimpuls.pl\/index.php\/wp-json\/wp\/v2\/types\/product"}],"replies":[{"embeddable":true,"href":"http:\/\/autoimpuls.pl\/index.php\/wp-json\/wp\/v2\/comments?post=472"}],"wp:featuredmedia":[{"embeddable":true,"href":"http:\/\/autoimpuls.pl\/index.php\/wp-json\/wp\/v2\/media\/461"}],"wp:attachment":[{"href":"http:\/\/autoimpuls.pl\/index.php\/wp-json\/wp\/v2\/media?parent=472"}],"wp:term":[{"taxonomy":"product_cat","embeddable":true,"href":"http:\/\/autoimpuls.pl\/index.php\/wp-json\/wp\/v2\/product_cat?post=472"},{"taxonomy":"product_tag","embeddable":true,"href":"http:\/\/autoimpuls.pl\/index.php\/wp-json\/wp\/v2\/product_tag?post=472"}],"curies":[{"name":"wp","href":"https:\/\/api.w.org\/{rel}","templated":true}]}}