{"id":31,"date":"2022-04-06T20:42:30","date_gmt":"2022-04-06T20:42:30","guid":{"rendered":"http:\/\/autoimpuls.pl\/?page_id=31"},"modified":"2023-10-10T16:47:14","modified_gmt":"2023-10-10T16:47:14","slug":"aktualnosci","status":"publish","type":"page","link":"http:\/\/autoimpuls.pl\/index.php\/aktualnosci\/","title":{"rendered":"Aktualno\u015bci"},"content":{"rendered":"\n<div class=\"wp-block-media-text alignwide is-stacked-on-mobile is-vertically-aligned-center\" style=\"grid-template-columns:22% auto\"><figure class=\"wp-block-media-text__media\"><img loading=\"lazy\" decoding=\"async\" width=\"143\" height=\"337\" src=\"http:\/\/autoimpuls.pl\/wp-content\/uploads\/2022\/09\/9e860c5bdc0c46831d4bdaf75b22830b-e1696954198294.jpg\" alt=\"\" class=\"wp-image-420 size-full\" srcset=\"http:\/\/autoimpuls.pl\/wp-content\/uploads\/2022\/09\/9e860c5bdc0c46831d4bdaf75b22830b-e1696954198294.jpg 143w, http:\/\/autoimpuls.pl\/wp-content\/uploads\/2022\/09\/9e860c5bdc0c46831d4bdaf75b22830b-e1696954198294-127x300.jpg 127w\" sizes=\"auto, (max-width: 143px) 100vw, 143px\" \/><\/figure><div class=\"wp-block-media-text__content\">\n<p class=\"has-medium-font-size\"><mark style=\"background-color:rgba(0, 0, 0, 0)\" class=\"has-inline-color has-vivid-cyan-blue-color\">Oferujemy napraw\u0119:<\/mark><br><strong>Sterownika skrzyni bieg\u00f3w Renault Continental, Getrag<\/strong> <strong>DC4<\/strong><\/p>\n\n\n\n<p>Oferujemy profesjonaln\u0105 us\u0142ug\u0119 naprawy oraz klonowania sterownika skrzyni bieg\u00f3w Renault Continental, Getrag DC4, 6DCT250, DPS6, PS250 EDC wszystkie wersje. <\/p>\n\n\n\n<p>Je\u017celi Pa\u0144stwa sterownik sterownik uleg\u0142 awarii, mo\u017cemy zaproponowa\u0107 us\u0142ug\u0119 sklonowania \/ przeniesienia danych na drugi sterownik. <\/p>\n\n\n\n<p>Odzyskujemy r\u00f3wnie\u017c dane z uszkodzonych elektrycznie, mechanicznie oraz spalonych sterownik\u00f3w, kt\u00f3rych naprawa jest niemo\u017cliwa. Podczas klonowania wszystkie dane kalibracyjne jak i oprogramowanie steruj\u0105ce prac\u0105 skrzyni zostaje przeniesione na nowy sterownik 1:1.<\/p>\n\n\n\n<p> Nie jest w\u00f3wczas konieczne kodowanie oraz dopisywanie immobilizera.<\/p>\n\n\n\n<p>Mo\u017cliwy demonta\u017c \/ monta\u017c oraz naprawa sterownika w siedzibie naszej firmy po wcze\u015bniejszym uzgodnieniu terminu. Sterownik wystarczy zdemontowa\u0107 i wys\u0142a\u0107 lub dostarczy\u0107 go osobi\u015bcie do naszego serwisu. <\/p>\n\n\n\n<p class=\"has-small-font-size\">Przyk\u0142adowe numery sterownik\u00f3w, kt\u00f3re programujemy: <\/p>\n\n\n\n<p class=\"has-small-font-size\">310320192R, 310320204R, 310320254R, 310320749R, A2C53374830, A2C30743000, KTAE8P7Z369AD, A2C30743100, AE8Z-7Z369-F, AE8Z7Z369F, KTAE8P-7Z369-AD AE8Z-7Z369-F, KTAE8P-7Z369-AD, AE8Z-7Z369-F, KTAE8P7Z369AD AE8Z7Z369F, KTAE8P-7Z369-AD, AE8P14F085AE, AE8Z-7Z369-F, AE8272369F, A2C30743105, AE8P-14F085-AE, AE8P-14F085-AE, AE8Z-7Z369-AD,KTAE8P-7Z369-AD, AE8Z-7Z369-E, A2C53377498,AE8Z-7Z369-B, AE8Z-7Z369-D, AE8Z-7Z369-E, AE8Z-7Z369-F <\/p>\n\n\n\n<p class=\"has-medium-font-size\">Sterowniki wyst\u0119puj\u0105 w autach marki: <\/p>\n\n\n\n<p class=\"has-medium-font-size\">Renault: Megane III, Scenic III, Fluence, Latitude, Captur, Laguna, Clio <\/p>\n\n\n\n<p class=\"has-medium-font-size\">Ford: Focus, Fiesta, B-MAX, EcoSport, EcoSport, C-MAX, Fusion<\/p>\n\n\n\n<p class=\"has-medium-font-size\"><\/p>\n<\/div><\/div>\n\n\n\n<div style=\"height:100px\" aria-hidden=\"true\" class=\"wp-block-spacer\"><\/div>\n\n\n\n<hr class=\"wp-block-separator has-text-color has-vivid-cyan-blue-color has-alpha-channel-opacity has-vivid-cyan-blue-background-color has-background is-style-wide\"\/>\n\n\n\n<div style=\"height:52px\" aria-hidden=\"true\" class=\"wp-block-spacer\"><\/div>\n\n\n\n<div class=\"wp-block-media-text alignwide is-stacked-on-mobile\" style=\"grid-template-columns:32% auto\"><figure class=\"wp-block-media-text__media\"><img loading=\"lazy\" decoding=\"async\" width=\"839\" height=\"716\" src=\"http:\/\/autoimpuls.pl\/wp-content\/uploads\/2022\/04\/51592-wp-upload_1-1.jpg\" alt=\"\" class=\"wp-image-95 size-full\" srcset=\"http:\/\/autoimpuls.pl\/wp-content\/uploads\/2022\/04\/51592-wp-upload_1-1.jpg 839w, http:\/\/autoimpuls.pl\/wp-content\/uploads\/2022\/04\/51592-wp-upload_1-1-600x512.jpg 600w, http:\/\/autoimpuls.pl\/wp-content\/uploads\/2022\/04\/51592-wp-upload_1-1-300x256.jpg 300w, http:\/\/autoimpuls.pl\/wp-content\/uploads\/2022\/04\/51592-wp-upload_1-1-768x655.jpg 768w\" sizes=\"auto, (max-width: 839px) 100vw, 839px\" \/><\/figure><div class=\"wp-block-media-text__content\">\n<p class=\"has-medium-font-size\"><mark style=\"background-color:rgba(0, 0, 0, 0)\" class=\"has-inline-color has-vivid-cyan-blue-color\">Oferujemy napraw\u0119:<\/mark><br><strong>Prze\u0142\u0105cznika zespolonego- Ta\u015bmy poduszki powietrznej <mark style=\"background-color:rgba(0, 0, 0, 0)\" class=\"has-inline-color has-vivid-red-color\">AIRBAG NISSAN<\/mark><\/strong><\/p>\n\n\n\n<p>Uszkodzona ta\u015bma zwijacza to najcz\u0119\u015bciej:<br>&#8211; \u015bwiecenie kontrolki AIRBAG na desce<br>   rozdzielczej, <\/p>\n\n\n\n<p>&#8211; nie dzia\u0142aj\u0105ce przyciski na kierownicy<br>  (tempomat, g\u0142o\u015bno\u015b\u0107 radia, przyciski nawigacji i telefonu)<\/p>\n\n\n\n<p>&#8211; odg\u0142osy &#8222;szurania&#8221; przy obracaniu kierownic\u0105<\/p>\n<\/div><\/div>\n\n\n\n<div class=\"wp-block-media-text alignwide has-media-on-the-right is-stacked-on-mobile\" style=\"grid-template-columns:auto 30%\"><div class=\"wp-block-media-text__content\">\n<p class=\"has-small-font-size\"><strong>Naprawa dotyczy nast\u0119puj\u0105cych modeli <mark style=\"background-color:rgba(0, 0, 0, 0)\" class=\"has-inline-color has-vivid-red-color\">NISSAN:<\/mark><\/strong><\/p>\n\n\n\n<ul class=\"wp-block-list\">\n<li class=\"has-medium-font-size\">Nissan QASHQAI JJ10E J10E Qashqai+2<\/li>\n\n\n\n<li class=\"has-medium-font-size\">NISSAN NAVARA (D40)<\/li>\n\n\n\n<li class=\"has-medium-font-size\">NISSAN NOTE (E11)<\/li>\n\n\n\n<li class=\"has-medium-font-size\">NISSAN PATHFINDER (R51)<\/li>\n\n\n\n<li class=\"has-medium-font-size\">NISSAN QASHQAI +2<\/li>\n\n\n\n<li class=\"has-medium-font-size\">NISSAN QASHQAI (J10)<\/li>\n\n\n\n<li class=\"has-medium-font-size\">NISSAN X-TRAIL (T31)<\/li>\n<\/ul>\n<\/div><figure class=\"wp-block-media-text__media\"><img loading=\"lazy\" decoding=\"async\" width=\"1024\" height=\"1015\" src=\"http:\/\/autoimpuls.pl\/wp-content\/uploads\/2022\/04\/IMG_1988-1024x1015.jpg\" alt=\"\" class=\"wp-image-88 size-full\"\/><\/figure><\/div>\n\n\n\n<div style=\"height:100px\" aria-hidden=\"true\" class=\"wp-block-spacer\"><\/div>\n\n\n\n<hr class=\"wp-block-separator has-text-color has-vivid-cyan-blue-color has-alpha-channel-opacity has-vivid-cyan-blue-background-color has-background\"\/>\n\n\n\n<p><\/p>\n","protected":false},"excerpt":{"rendered":"<p>Oferujemy napraw\u0119:Sterownika skrzyni bieg\u00f3w Renault Continental, Getrag DC4 Oferujemy profesjonaln\u0105 us\u0142ug\u0119 naprawy oraz klonowania sterownika skrzyni bieg\u00f3w Renault Continental, Getrag DC4, 6DCT250, DPS6, PS250 EDC wszystkie wersje. Je\u017celi Pa\u0144stwa sterownik sterownik uleg\u0142 awarii, mo\u017cemy zaproponowa\u0107 us\u0142ug\u0119 sklonowania \/ przeniesienia danych na drugi sterownik. Odzyskujemy r\u00f3wnie\u017c dane z uszkodzonych elektrycznie, mechanicznie oraz spalonych sterownik\u00f3w, kt\u00f3rych naprawa<\/p>\n<p><a href=\"http:\/\/autoimpuls.pl\/index.php\/aktualnosci\/\" class=\"more-link themebutton\">Read More<\/a><\/p>\n","protected":false},"author":1,"featured_media":0,"parent":0,"menu_order":0,"comment_status":"open","ping_status":"closed","template":"","meta":{"footnotes":""},"class_list":["post-31","page","type-page","status-publish","hentry"],"yoast_head":"<!-- This site is optimized with the Yoast SEO plugin v19.10 - https:\/\/yoast.com\/wordpress\/plugins\/seo\/ -->\n<title>Aktualno\u015bci - Auto Impuls<\/title>\n<meta name=\"robots\" content=\"index, follow, max-snippet:-1, max-image-preview:large, max-video-preview:-1\" \/>\n<link rel=\"canonical\" href=\"http:\/\/autoimpuls.pl\/index.php\/aktualnosci\/\" \/>\n<meta property=\"og:locale\" content=\"pl_PL\" \/>\n<meta property=\"og:type\" content=\"article\" \/>\n<meta property=\"og:title\" content=\"Aktualno\u015bci - Auto Impuls\" \/>\n<meta property=\"og:description\" content=\"Oferujemy napraw\u0119:Sterownika skrzyni bieg\u00f3w Renault Continental, Getrag DC4 Oferujemy profesjonaln\u0105 us\u0142ug\u0119 naprawy oraz klonowania sterownika skrzyni bieg\u00f3w Renault Continental, Getrag DC4, 6DCT250, DPS6, PS250 EDC wszystkie wersje. Je\u017celi Pa\u0144stwa sterownik sterownik uleg\u0142 awarii, mo\u017cemy zaproponowa\u0107 us\u0142ug\u0119 sklonowania \/ przeniesienia danych na drugi sterownik. Odzyskujemy r\u00f3wnie\u017c dane z uszkodzonych elektrycznie, mechanicznie oraz spalonych sterownik\u00f3w, kt\u00f3rych naprawaRead More\" \/>\n<meta property=\"og:url\" content=\"http:\/\/autoimpuls.pl\/index.php\/aktualnosci\/\" \/>\n<meta property=\"og:site_name\" content=\"Auto Impuls\" \/>\n<meta property=\"article:modified_time\" content=\"2023-10-10T16:47:14+00:00\" \/>\n<meta property=\"og:image\" content=\"http:\/\/autoimpuls.pl\/wp-content\/uploads\/2022\/09\/9e860c5bdc0c46831d4bdaf75b22830b-e1696954198294.jpg\" \/>\n<meta name=\"twitter:card\" content=\"summary_large_image\" \/>\n<meta name=\"twitter:label1\" content=\"Szacowany czas czytania\" \/>\n\t<meta name=\"twitter:data1\" content=\"2 minuty\" \/>\n<script type=\"application\/ld+json\" class=\"yoast-schema-graph\">{\"@context\":\"https:\/\/schema.org\",\"@graph\":[{\"@type\":\"WebPage\",\"@id\":\"http:\/\/autoimpuls.pl\/index.php\/aktualnosci\/\",\"url\":\"http:\/\/autoimpuls.pl\/index.php\/aktualnosci\/\",\"name\":\"Aktualno\u015bci - Auto Impuls\",\"isPartOf\":{\"@id\":\"http:\/\/autoimpuls.pl\/#website\"},\"datePublished\":\"2022-04-06T20:42:30+00:00\",\"dateModified\":\"2023-10-10T16:47:14+00:00\",\"breadcrumb\":{\"@id\":\"http:\/\/autoimpuls.pl\/index.php\/aktualnosci\/#breadcrumb\"},\"inLanguage\":\"pl-PL\",\"potentialAction\":[{\"@type\":\"ReadAction\",\"target\":[\"http:\/\/autoimpuls.pl\/index.php\/aktualnosci\/\"]}]},{\"@type\":\"BreadcrumbList\",\"@id\":\"http:\/\/autoimpuls.pl\/index.php\/aktualnosci\/#breadcrumb\",\"itemListElement\":[{\"@type\":\"ListItem\",\"position\":1,\"name\":\"Strona g\u0142\u00f3wna\",\"item\":\"http:\/\/autoimpuls.pl\/\"},{\"@type\":\"ListItem\",\"position\":2,\"name\":\"Aktualno\u015bci\"}]},{\"@type\":\"WebSite\",\"@id\":\"http:\/\/autoimpuls.pl\/#website\",\"url\":\"http:\/\/autoimpuls.pl\/\",\"name\":\"Auto Impuls\",\"description\":\"Elektronika Samochodowa\",\"publisher\":{\"@id\":\"http:\/\/autoimpuls.pl\/#organization\"},\"potentialAction\":[{\"@type\":\"SearchAction\",\"target\":{\"@type\":\"EntryPoint\",\"urlTemplate\":\"http:\/\/autoimpuls.pl\/?s={search_term_string}\"},\"query-input\":\"required name=search_term_string\"}],\"inLanguage\":\"pl-PL\"},{\"@type\":\"Organization\",\"@id\":\"http:\/\/autoimpuls.pl\/#organization\",\"name\":\"Auto Impuls\",\"url\":\"http:\/\/autoimpuls.pl\/\",\"logo\":{\"@type\":\"ImageObject\",\"inLanguage\":\"pl-PL\",\"@id\":\"http:\/\/autoimpuls.pl\/#\/schema\/logo\/image\/\",\"url\":\"http:\/\/autoimpuls.pl\/wp-content\/uploads\/2022\/04\/cropped-cropped-Auto-Impuls-1.png\",\"contentUrl\":\"http:\/\/autoimpuls.pl\/wp-content\/uploads\/2022\/04\/cropped-cropped-Auto-Impuls-1.png\",\"width\":500,\"height\":334,\"caption\":\"Auto Impuls\"},\"image\":{\"@id\":\"http:\/\/autoimpuls.pl\/#\/schema\/logo\/image\/\"}}]}<\/script>\n<!-- \/ Yoast SEO plugin. -->","yoast_head_json":{"title":"Aktualno\u015bci - Auto Impuls","robots":{"index":"index","follow":"follow","max-snippet":"max-snippet:-1","max-image-preview":"max-image-preview:large","max-video-preview":"max-video-preview:-1"},"canonical":"http:\/\/autoimpuls.pl\/index.php\/aktualnosci\/","og_locale":"pl_PL","og_type":"article","og_title":"Aktualno\u015bci - Auto Impuls","og_description":"Oferujemy napraw\u0119:Sterownika skrzyni bieg\u00f3w Renault Continental, Getrag DC4 Oferujemy profesjonaln\u0105 us\u0142ug\u0119 naprawy oraz klonowania sterownika skrzyni bieg\u00f3w Renault Continental, Getrag DC4, 6DCT250, DPS6, PS250 EDC wszystkie wersje. Je\u017celi Pa\u0144stwa sterownik sterownik uleg\u0142 awarii, mo\u017cemy zaproponowa\u0107 us\u0142ug\u0119 sklonowania \/ przeniesienia danych na drugi sterownik. Odzyskujemy r\u00f3wnie\u017c dane z uszkodzonych elektrycznie, mechanicznie oraz spalonych sterownik\u00f3w, kt\u00f3rych naprawaRead More","og_url":"http:\/\/autoimpuls.pl\/index.php\/aktualnosci\/","og_site_name":"Auto Impuls","article_modified_time":"2023-10-10T16:47:14+00:00","og_image":[{"url":"http:\/\/autoimpuls.pl\/wp-content\/uploads\/2022\/09\/9e860c5bdc0c46831d4bdaf75b22830b-e1696954198294.jpg"}],"twitter_card":"summary_large_image","twitter_misc":{"Szacowany czas czytania":"2 minuty"},"schema":{"@context":"https:\/\/schema.org","@graph":[{"@type":"WebPage","@id":"http:\/\/autoimpuls.pl\/index.php\/aktualnosci\/","url":"http:\/\/autoimpuls.pl\/index.php\/aktualnosci\/","name":"Aktualno\u015bci - Auto Impuls","isPartOf":{"@id":"http:\/\/autoimpuls.pl\/#website"},"datePublished":"2022-04-06T20:42:30+00:00","dateModified":"2023-10-10T16:47:14+00:00","breadcrumb":{"@id":"http:\/\/autoimpuls.pl\/index.php\/aktualnosci\/#breadcrumb"},"inLanguage":"pl-PL","potentialAction":[{"@type":"ReadAction","target":["http:\/\/autoimpuls.pl\/index.php\/aktualnosci\/"]}]},{"@type":"BreadcrumbList","@id":"http:\/\/autoimpuls.pl\/index.php\/aktualnosci\/#breadcrumb","itemListElement":[{"@type":"ListItem","position":1,"name":"Strona g\u0142\u00f3wna","item":"http:\/\/autoimpuls.pl\/"},{"@type":"ListItem","position":2,"name":"Aktualno\u015bci"}]},{"@type":"WebSite","@id":"http:\/\/autoimpuls.pl\/#website","url":"http:\/\/autoimpuls.pl\/","name":"Auto Impuls","description":"Elektronika Samochodowa","publisher":{"@id":"http:\/\/autoimpuls.pl\/#organization"},"potentialAction":[{"@type":"SearchAction","target":{"@type":"EntryPoint","urlTemplate":"http:\/\/autoimpuls.pl\/?s={search_term_string}"},"query-input":"required name=search_term_string"}],"inLanguage":"pl-PL"},{"@type":"Organization","@id":"http:\/\/autoimpuls.pl\/#organization","name":"Auto Impuls","url":"http:\/\/autoimpuls.pl\/","logo":{"@type":"ImageObject","inLanguage":"pl-PL","@id":"http:\/\/autoimpuls.pl\/#\/schema\/logo\/image\/","url":"http:\/\/autoimpuls.pl\/wp-content\/uploads\/2022\/04\/cropped-cropped-Auto-Impuls-1.png","contentUrl":"http:\/\/autoimpuls.pl\/wp-content\/uploads\/2022\/04\/cropped-cropped-Auto-Impuls-1.png","width":500,"height":334,"caption":"Auto Impuls"},"image":{"@id":"http:\/\/autoimpuls.pl\/#\/schema\/logo\/image\/"}}]}},"_links":{"self":[{"href":"http:\/\/autoimpuls.pl\/index.php\/wp-json\/wp\/v2\/pages\/31","targetHints":{"allow":["GET"]}}],"collection":[{"href":"http:\/\/autoimpuls.pl\/index.php\/wp-json\/wp\/v2\/pages"}],"about":[{"href":"http:\/\/autoimpuls.pl\/index.php\/wp-json\/wp\/v2\/types\/page"}],"author":[{"embeddable":true,"href":"http:\/\/autoimpuls.pl\/index.php\/wp-json\/wp\/v2\/users\/1"}],"replies":[{"embeddable":true,"href":"http:\/\/autoimpuls.pl\/index.php\/wp-json\/wp\/v2\/comments?post=31"}],"version-history":[{"count":16,"href":"http:\/\/autoimpuls.pl\/index.php\/wp-json\/wp\/v2\/pages\/31\/revisions"}],"predecessor-version":[{"id":507,"href":"http:\/\/autoimpuls.pl\/index.php\/wp-json\/wp\/v2\/pages\/31\/revisions\/507"}],"wp:attachment":[{"href":"http:\/\/autoimpuls.pl\/index.php\/wp-json\/wp\/v2\/media?parent=31"}],"curies":[{"name":"wp","href":"https:\/\/api.w.org\/{rel}","templated":true}]}}