{"id":30,"date":"2022-04-06T20:42:30","date_gmt":"2022-04-06T20:42:30","guid":{"rendered":"http:\/\/autoimpuls.pl\/?page_id=30"},"modified":"2022-07-28T10:27:12","modified_gmt":"2022-07-28T10:27:12","slug":"kontakt","status":"publish","type":"page","link":"http:\/\/autoimpuls.pl\/index.php\/kontakt\/","title":{"rendered":"Kontakt"},"content":{"rendered":"\n<div class=\"wp-block-columns alignfull is-layout-flex wp-container-core-columns-is-layout-9d6595d7 wp-block-columns-is-layout-flex\">\n<div class=\"wp-block-column is-layout-flow wp-block-column-is-layout-flow\">\n<iframe src=\"https:\/\/www.google.com\/maps\/embed?pb=!1m14!1m8!1m3!1d5494.241795478556!2d20.64072645980312!3d50.84744507681909!3m2!1i1024!2i768!4f13.1!3m3!1m2!1s0x0%3A0xb5eaec56c7b6b54b!2sAuto%20Impuls!5e0!3m2!1spl!2spl!4v1659004000938!5m2!1spl!2spl\" width=\"600\" height=\"450\" style=\"border:0;\" allowfullscreen=\"\" loading=\"lazy\" referrerpolicy=\"no-referrer-when-downgrade\"><\/iframe>\n\n\n\n<p><\/p>\n<\/div>\n<\/div>\n\n\n\n<div class=\"wp-block-columns container is-layout-flex wp-container-core-columns-is-layout-9d6595d7 wp-block-columns-is-layout-flex\">\n<div class=\"wp-block-column is-vertically-aligned-center is-layout-flow wp-block-column-is-layout-flow\">\n<h2 class=\"hestia-title wp-block-heading\">Wy\u015blij nam wiadomo\u015b\u0107<\/h2>\n\n\n\n<div style=\"height:40px\" aria-hidden=\"true\" class=\"wp-block-spacer\"><\/div>\n\n\n\n<div class=\"contact-wrapper\">\n\t\t\t\t\t\t\t\t\t\t\t\t\t\t\t\t\t\t\t<div class=\"content\">\n\t\t\t\n\t\t\t  <form>\n\t\t\t   <div class=\"form-group\">\n\t\t\t    <input type=\"text\" id=\"fname\" name=\"firstname\" placeholder=\"Imi\u0119\">\n\t\t\t<\/div>\n\t\t\t<div class=\"form-group\">\n\t\t\t    <input type=\"text\" id=\"lname\" name=\"lastname\" placeholder=\"Nazwisko\">\n\t\t\t<\/div>\n\t\t\t<div class=\"form-group\">\n\t\t\t    <textarea id=\"subject\" name=\"subject\" placeholder=\"Twoja wiadomo\u015b\u0107...\n\" style=\"height:300px\"><\/textarea>\n\t\t\t<\/div>\n\t\t\t    <input type=\"submit\" value=\"Wy\u015blij\">\n\t\t\t\n\t\t\t  <\/form>\n\t\t\t<\/div>\n\t\t\t<\/div>\n<\/div>\n\n\n\n<div class=\"wp-block-column is-vertically-aligned-center is-layout-flow wp-block-column-is-layout-flow\">\n<div class=\"wp-block-columns is-layout-flex wp-container-core-columns-is-layout-9d6595d7 wp-block-columns-is-layout-flex\">\n<div class=\"wp-block-column is-layout-flow wp-block-column-is-layout-flow\"><\/div>\n\n\n\n<div class=\"wp-block-column is-vertically-aligned-top is-layout-flow wp-block-column-is-layout-flow\" style=\"flex-basis:60%\">\n<h4 class=\"has-text-align-left hestia-title has-text-color wp-block-heading\" style=\"color:#3c4858;font-size:18px\"><img loading=\"lazy\" decoding=\"async\" width=\"29\" height=\"29\" class=\"wp-image-220\" style=\"width: 29px;\" src=\"http:\/\/autoimpuls.pl\/wp-content\/uploads\/2022\/04\/contact1.png\" alt=\"adres\">  <strong>Znajd\u017a nas pod adresem<\/strong><\/h4>\n\n\n\n<p class=\"has-text-align-left has-text-color\" style=\"color:#999999;font-style:normal;font-weight:400\">ul. B\u0105kowa 8, 25-213 Kielce<br>Polska<\/p>\n\n\n\n<div style=\"height:40px\" aria-hidden=\"true\" class=\"wp-block-spacer\"><\/div>\n\n\n\n<h4 class=\"has-text-align-left hestia-title has-text-color wp-block-heading\" style=\"color:#3c4858;font-size:18px\"><img loading=\"lazy\" decoding=\"async\" width=\"30\" height=\"30\" class=\"wp-image-221\" style=\"width: 30px;\" src=\"http:\/\/autoimpuls.pl\/wp-content\/uploads\/2022\/04\/contact2.png\" alt=\"telefon\">  <strong><strong>Zadzwo\u0144 do nas<\/strong><\/strong><\/h4>\n\n\n\n<p class=\"has-text-align-left has-text-color\" style=\"color:#999999\">+48 504 240 017<br>Pon &#8211; Pt 9:00-17:00<\/p>\n\n\n\n<div style=\"height:40px\" aria-hidden=\"true\" class=\"wp-block-spacer\"><\/div>\n\n\n\n<h4 class=\"has-text-align-left hestia-title has-text-color wp-block-heading\" style=\"color:#3c4858;font-size:18px\"><img loading=\"lazy\" decoding=\"async\" width=\"30\" height=\"30\" class=\"wp-image-222\" style=\"width: 30px;\" src=\"http:\/\/autoimpuls.pl\/wp-content\/uploads\/2022\/04\/contact3.png\" alt=\"nazwa firmy\"><strong>  <strong>Dane <\/strong><\/strong><\/h4>\n\n\n\n<p class=\"has-text-align-left has-text-color\" style=\"color:#999999\">P.P.U.H Impuls<br>NIP: 657 268 38 13<\/p>\n<\/div>\n\n\n\n<div class=\"wp-block-column is-layout-flow wp-block-column-is-layout-flow\"><\/div>\n<\/div>\n<\/div>\n<\/div>\n\n\n\n<p><\/p>\n","protected":false},"excerpt":{"rendered":"<p>Wy\u015blij nam wiadomo\u015b\u0107 Znajd\u017a nas pod adresem ul. B\u0105kowa 8, 25-213 KielcePolska Zadzwo\u0144 do nas +48 504 240 017Pon &#8211; Pt 9:00-17:00 Dane P.P.U.H ImpulsNIP: 657 268 38 13<\/p>\n","protected":false},"author":1,"featured_media":116,"parent":0,"menu_order":0,"comment_status":"closed","ping_status":"closed","template":"","meta":{"footnotes":""},"class_list":["post-30","page","type-page","status-publish","has-post-thumbnail","hentry"],"yoast_head":"<!-- This site is optimized with the Yoast SEO plugin v19.10 - https:\/\/yoast.com\/wordpress\/plugins\/seo\/ -->\n<title>Kontakt - Auto Impuls<\/title>\n<meta name=\"description\" content=\"Jeste\u015bmy w stanie zdiagnozowa\u0107 i naprawi\u0107 wszystkie usterki w Twoim samochodzie. Potrzebujesz pomocy- Zadzwo\u0144 do nas. Elektronika Samochodowa\" \/>\n<meta name=\"robots\" content=\"index, follow, max-snippet:-1, max-image-preview:large, max-video-preview:-1\" \/>\n<link rel=\"canonical\" href=\"http:\/\/autoimpuls.pl\/index.php\/kontakt\/\" \/>\n<meta property=\"og:locale\" content=\"pl_PL\" \/>\n<meta property=\"og:type\" content=\"article\" \/>\n<meta property=\"og:title\" content=\"Kontakt - Auto Impuls\" \/>\n<meta property=\"og:description\" content=\"Jeste\u015bmy w stanie zdiagnozowa\u0107 i naprawi\u0107 wszystkie usterki w Twoim samochodzie. Potrzebujesz pomocy- Zadzwo\u0144 do nas. Elektronika Samochodowa\" \/>\n<meta property=\"og:url\" content=\"http:\/\/autoimpuls.pl\/index.php\/kontakt\/\" \/>\n<meta property=\"og:site_name\" content=\"Auto Impuls\" \/>\n<meta property=\"article:modified_time\" content=\"2022-07-28T10:27:12+00:00\" \/>\n<meta property=\"og:image\" content=\"http:\/\/autoimpuls.pl\/wp-content\/uploads\/2022\/04\/istockphoto-966859036-612x612-1.jpg\" \/>\n\t<meta property=\"og:image:width\" content=\"612\" \/>\n\t<meta property=\"og:image:height\" content=\"408\" \/>\n\t<meta property=\"og:image:type\" content=\"image\/jpeg\" \/>\n<meta name=\"twitter:card\" content=\"summary_large_image\" \/>\n<meta name=\"twitter:label1\" content=\"Szacowany czas czytania\" \/>\n\t<meta name=\"twitter:data1\" content=\"1 minuta\" \/>\n<script type=\"application\/ld+json\" class=\"yoast-schema-graph\">{\"@context\":\"https:\/\/schema.org\",\"@graph\":[{\"@type\":\"WebPage\",\"@id\":\"http:\/\/autoimpuls.pl\/index.php\/kontakt\/\",\"url\":\"http:\/\/autoimpuls.pl\/index.php\/kontakt\/\",\"name\":\"Kontakt - Auto Impuls\",\"isPartOf\":{\"@id\":\"http:\/\/autoimpuls.pl\/#website\"},\"datePublished\":\"2022-04-06T20:42:30+00:00\",\"dateModified\":\"2022-07-28T10:27:12+00:00\",\"description\":\"Jeste\u015bmy w stanie zdiagnozowa\u0107 i naprawi\u0107 wszystkie usterki w Twoim samochodzie. Potrzebujesz pomocy- Zadzwo\u0144 do nas. Elektronika Samochodowa\",\"breadcrumb\":{\"@id\":\"http:\/\/autoimpuls.pl\/index.php\/kontakt\/#breadcrumb\"},\"inLanguage\":\"pl-PL\",\"potentialAction\":[{\"@type\":\"ReadAction\",\"target\":[\"http:\/\/autoimpuls.pl\/index.php\/kontakt\/\"]}]},{\"@type\":\"BreadcrumbList\",\"@id\":\"http:\/\/autoimpuls.pl\/index.php\/kontakt\/#breadcrumb\",\"itemListElement\":[{\"@type\":\"ListItem\",\"position\":1,\"name\":\"Strona g\u0142\u00f3wna\",\"item\":\"http:\/\/autoimpuls.pl\/\"},{\"@type\":\"ListItem\",\"position\":2,\"name\":\"Kontakt\"}]},{\"@type\":\"WebSite\",\"@id\":\"http:\/\/autoimpuls.pl\/#website\",\"url\":\"http:\/\/autoimpuls.pl\/\",\"name\":\"Auto Impuls\",\"description\":\"Elektronika Samochodowa\",\"publisher\":{\"@id\":\"http:\/\/autoimpuls.pl\/#organization\"},\"potentialAction\":[{\"@type\":\"SearchAction\",\"target\":{\"@type\":\"EntryPoint\",\"urlTemplate\":\"http:\/\/autoimpuls.pl\/?s={search_term_string}\"},\"query-input\":\"required name=search_term_string\"}],\"inLanguage\":\"pl-PL\"},{\"@type\":\"Organization\",\"@id\":\"http:\/\/autoimpuls.pl\/#organization\",\"name\":\"Auto Impuls\",\"url\":\"http:\/\/autoimpuls.pl\/\",\"logo\":{\"@type\":\"ImageObject\",\"inLanguage\":\"pl-PL\",\"@id\":\"http:\/\/autoimpuls.pl\/#\/schema\/logo\/image\/\",\"url\":\"http:\/\/autoimpuls.pl\/wp-content\/uploads\/2022\/04\/cropped-cropped-Auto-Impuls-1.png\",\"contentUrl\":\"http:\/\/autoimpuls.pl\/wp-content\/uploads\/2022\/04\/cropped-cropped-Auto-Impuls-1.png\",\"width\":500,\"height\":334,\"caption\":\"Auto Impuls\"},\"image\":{\"@id\":\"http:\/\/autoimpuls.pl\/#\/schema\/logo\/image\/\"}}]}<\/script>\n<!-- \/ Yoast SEO plugin. -->","yoast_head_json":{"title":"Kontakt - Auto Impuls","description":"Jeste\u015bmy w stanie zdiagnozowa\u0107 i naprawi\u0107 wszystkie usterki w Twoim samochodzie. Potrzebujesz pomocy- Zadzwo\u0144 do nas. Elektronika Samochodowa","robots":{"index":"index","follow":"follow","max-snippet":"max-snippet:-1","max-image-preview":"max-image-preview:large","max-video-preview":"max-video-preview:-1"},"canonical":"http:\/\/autoimpuls.pl\/index.php\/kontakt\/","og_locale":"pl_PL","og_type":"article","og_title":"Kontakt - Auto Impuls","og_description":"Jeste\u015bmy w stanie zdiagnozowa\u0107 i naprawi\u0107 wszystkie usterki w Twoim samochodzie. Potrzebujesz pomocy- Zadzwo\u0144 do nas. Elektronika Samochodowa","og_url":"http:\/\/autoimpuls.pl\/index.php\/kontakt\/","og_site_name":"Auto Impuls","article_modified_time":"2022-07-28T10:27:12+00:00","og_image":[{"width":612,"height":408,"url":"http:\/\/autoimpuls.pl\/wp-content\/uploads\/2022\/04\/istockphoto-966859036-612x612-1.jpg","type":"image\/jpeg"}],"twitter_card":"summary_large_image","twitter_misc":{"Szacowany czas czytania":"1 minuta"},"schema":{"@context":"https:\/\/schema.org","@graph":[{"@type":"WebPage","@id":"http:\/\/autoimpuls.pl\/index.php\/kontakt\/","url":"http:\/\/autoimpuls.pl\/index.php\/kontakt\/","name":"Kontakt - Auto Impuls","isPartOf":{"@id":"http:\/\/autoimpuls.pl\/#website"},"datePublished":"2022-04-06T20:42:30+00:00","dateModified":"2022-07-28T10:27:12+00:00","description":"Jeste\u015bmy w stanie zdiagnozowa\u0107 i naprawi\u0107 wszystkie usterki w Twoim samochodzie. Potrzebujesz pomocy- Zadzwo\u0144 do nas. Elektronika Samochodowa","breadcrumb":{"@id":"http:\/\/autoimpuls.pl\/index.php\/kontakt\/#breadcrumb"},"inLanguage":"pl-PL","potentialAction":[{"@type":"ReadAction","target":["http:\/\/autoimpuls.pl\/index.php\/kontakt\/"]}]},{"@type":"BreadcrumbList","@id":"http:\/\/autoimpuls.pl\/index.php\/kontakt\/#breadcrumb","itemListElement":[{"@type":"ListItem","position":1,"name":"Strona g\u0142\u00f3wna","item":"http:\/\/autoimpuls.pl\/"},{"@type":"ListItem","position":2,"name":"Kontakt"}]},{"@type":"WebSite","@id":"http:\/\/autoimpuls.pl\/#website","url":"http:\/\/autoimpuls.pl\/","name":"Auto Impuls","description":"Elektronika Samochodowa","publisher":{"@id":"http:\/\/autoimpuls.pl\/#organization"},"potentialAction":[{"@type":"SearchAction","target":{"@type":"EntryPoint","urlTemplate":"http:\/\/autoimpuls.pl\/?s={search_term_string}"},"query-input":"required name=search_term_string"}],"inLanguage":"pl-PL"},{"@type":"Organization","@id":"http:\/\/autoimpuls.pl\/#organization","name":"Auto Impuls","url":"http:\/\/autoimpuls.pl\/","logo":{"@type":"ImageObject","inLanguage":"pl-PL","@id":"http:\/\/autoimpuls.pl\/#\/schema\/logo\/image\/","url":"http:\/\/autoimpuls.pl\/wp-content\/uploads\/2022\/04\/cropped-cropped-Auto-Impuls-1.png","contentUrl":"http:\/\/autoimpuls.pl\/wp-content\/uploads\/2022\/04\/cropped-cropped-Auto-Impuls-1.png","width":500,"height":334,"caption":"Auto Impuls"},"image":{"@id":"http:\/\/autoimpuls.pl\/#\/schema\/logo\/image\/"}}]}},"_links":{"self":[{"href":"http:\/\/autoimpuls.pl\/index.php\/wp-json\/wp\/v2\/pages\/30","targetHints":{"allow":["GET"]}}],"collection":[{"href":"http:\/\/autoimpuls.pl\/index.php\/wp-json\/wp\/v2\/pages"}],"about":[{"href":"http:\/\/autoimpuls.pl\/index.php\/wp-json\/wp\/v2\/types\/page"}],"author":[{"embeddable":true,"href":"http:\/\/autoimpuls.pl\/index.php\/wp-json\/wp\/v2\/users\/1"}],"replies":[{"embeddable":true,"href":"http:\/\/autoimpuls.pl\/index.php\/wp-json\/wp\/v2\/comments?post=30"}],"version-history":[{"count":12,"href":"http:\/\/autoimpuls.pl\/index.php\/wp-json\/wp\/v2\/pages\/30\/revisions"}],"predecessor-version":[{"id":402,"href":"http:\/\/autoimpuls.pl\/index.php\/wp-json\/wp\/v2\/pages\/30\/revisions\/402"}],"wp:featuredmedia":[{"embeddable":true,"href":"http:\/\/autoimpuls.pl\/index.php\/wp-json\/wp\/v2\/media\/116"}],"wp:attachment":[{"href":"http:\/\/autoimpuls.pl\/index.php\/wp-json\/wp\/v2\/media?parent=30"}],"curies":[{"name":"wp","href":"https:\/\/api.w.org\/{rel}","templated":true}]}}