{"id":136,"date":"2022-04-07T22:46:05","date_gmt":"2022-04-07T22:46:05","guid":{"rendered":"http:\/\/autoimpuls.pl\/?page_id=136"},"modified":"2022-05-04T13:18:08","modified_gmt":"2022-05-04T13:18:08","slug":"adaptacja-kodowanie","status":"publish","type":"page","link":"http:\/\/autoimpuls.pl\/index.php\/adaptacja-kodowanie\/","title":{"rendered":"Adaptacja &#8211; Kodowanie"},"content":{"rendered":"\n<h3 class=\"has-text-align-center wp-block-heading\"><em>Kodowanie samochod\u00f3w to stosunkowo nowa rzecz w \u015bwiecie motoryzacji. Oznacza modyfikacje oprogramowania w poje\u017adzie. Modyfikacja ma umo\u017cliwi\u0107 korzystanie z funkcji niedost\u0119pnych w samochodzie opuszczaj\u0105cym fabryk\u0119. <\/em><\/h3>\n\n\n\n<h3 class=\"has-text-align-center wp-block-heading\"><em>Kodowanie nie oznacza zmiany oprogramowania!&nbsp;Zmienia tylko wst\u0119pnie zaprogramowane opcje, kt\u00f3re ju\u017c istniej\u0105 w oprogramowaniu.<\/em><\/h3>\n\n\n\n<div class=\"wp-block-media-text alignwide is-stacked-on-mobile is-image-fill\"><figure class=\"wp-block-media-text__media\" style=\"background-image:url(http:\/\/autoimpuls.pl\/wp-content\/uploads\/2022\/04\/golf-4-codieren-tipps-und-tricks-2.jpg);background-position:50% 48%\"><img loading=\"lazy\" decoding=\"async\" width=\"1000\" height=\"667\" src=\"http:\/\/autoimpuls.pl\/wp-content\/uploads\/2022\/04\/golf-4-codieren-tipps-und-tricks-2.jpg\" alt=\"\" class=\"wp-image-152 size-full\" srcset=\"http:\/\/autoimpuls.pl\/wp-content\/uploads\/2022\/04\/golf-4-codieren-tipps-und-tricks-2.jpg 1000w, http:\/\/autoimpuls.pl\/wp-content\/uploads\/2022\/04\/golf-4-codieren-tipps-und-tricks-2-600x400.jpg 600w, http:\/\/autoimpuls.pl\/wp-content\/uploads\/2022\/04\/golf-4-codieren-tipps-und-tricks-2-300x200.jpg 300w, http:\/\/autoimpuls.pl\/wp-content\/uploads\/2022\/04\/golf-4-codieren-tipps-und-tricks-2-768x512.jpg 768w, http:\/\/autoimpuls.pl\/wp-content\/uploads\/2022\/04\/golf-4-codieren-tipps-und-tricks-2-570x380.jpg 570w, http:\/\/autoimpuls.pl\/wp-content\/uploads\/2022\/04\/golf-4-codieren-tipps-und-tricks-2-380x254.jpg 380w, http:\/\/autoimpuls.pl\/wp-content\/uploads\/2022\/04\/golf-4-codieren-tipps-und-tricks-2-285x190.jpg 285w\" sizes=\"auto, (max-width: 1000px) 100vw, 1000px\" \/><\/figure><div class=\"wp-block-media-text__content\">\n<h2 class=\"has-small-font-size wp-block-heading\">Podobnie jak elektromechanik mia\u0142yby dost\u0119p do&nbsp;ECU&nbsp;pojazdu w celu przeprowadzenia wymiany, a technicy serwisowi u\u017cywaliby portu OBD II do sprawdzania kod\u00f3w b\u0142\u0119d\u00f3w w poje\u017adzie, to kodery samochodowe mog\u0105 korzysta\u0107 z tego samego portu diagnostycznego, aby w\u0142\u0105czy\u0107 nowe funkcje w poje\u017adzie. <\/h2>\n\n\n\n<h2 class=\"has-small-font-size wp-block-heading\">Jak wyja\u015bnili\u015bmy powy\u017cej, wi\u0119kszo\u015b\u0107 pojazd\u00f3w ma ustawienia charakterystyczne dla swoich funkcji.&nbsp;Ponadto wi\u0119kszo\u015b\u0107 pojazd\u00f3w ma r\u00f3\u017cne ograniczenia.&nbsp;Za pomoc\u0105 kodowania mo\u017cemy zmieni\u0107 ustawienia w Twoim samochodzie, np:  ustawi\u0107 liczb\u0119 b\u0142y\u015bni\u0119\u0107 kierunkowskaz\u00f3w dla jednego dotkni\u0119cia manetki, wy\u0142\u0105czy\u0107 lub w\u0142\u0105czy\u0107 system Start\/Stop i nie tylko.&nbsp;Kodowanie mo\u017ce r\u00f3wnie\u017c aktywowa\u0107 reflektory do\u015bwietlaj\u0105ce zakr\u0119ty np. \u015bwiat\u0142ami przeciwmgielnymi, dezaktywowa\u0107 niekt\u00f3re ostrze\u017cenia akustyczne i w\u0142\u0105czy\u0107 wiele funkcji modu\u0142u komfortu.&nbsp;<\/h2>\n\n\n\n<h2 class=\"has-small-font-size wp-block-heading\">Inne mo\u017cliwo\u015bci to obni\u017cenie poziomu lusterka podczas cofania, automatyczne blokowanie drzwi przy przekroczeniu okre\u015blonej pr\u0119dko\u015bci, \u015bwiat\u0142a do jazdy dziennej w stylu ameryka\u0144skim, funkcja auto-hold dla pojazd\u00f3w z elektrycznym hamulcem postojowym i inne.<\/h2>\n\n\n\n<h2 class=\"has-small-font-size wp-block-heading\">Oczywi\u015bcie rzeczy, kt\u00f3re mo\u017cna zrobi\u0107 poprzez kodowanie, zale\u017c\u0105 od ka\u017cdego modelu samochodu.<\/h2>\n\n\n\n<h2 class=\"has-small-font-size wp-block-heading\">Nale\u017cy wspomnie\u0107, \u017ce mo\u017cliwe jest r\u00f3wnie\u017c usuni\u0119cie niekt\u00f3rych ostrze\u017ce\u0144 d\u017awi\u0119kowych , kt\u00f3re s\u0105 legalnie obecne w pojazdach (takich jak dzwonek ostrzegaj\u0105cy o zapi\u0119ciu pas\u00f3w bezpiecze\u0144stwa), aby umo\u017cliwi\u0107 u\u017cytkownikowi wo\u017cenie zakup\u00f3w na siedzeniu pasa\u017cera bez zapinania pas\u00f3w bezpiecze\u0144stwa.&nbsp;Nie jest to jednak dobry pomys\u0142, poniewa\u017c ci\u0119\u017ckie przedmioty mog\u0105 sta\u0107 si\u0119 niebezpieczne w razie wypadku lub nawet podczas awaryjnego manewru uniku.<\/h2>\n\n\n\n<h2 class=\"has-small-font-size wp-block-heading\">Chocia\u017c istnieje mo\u017cliwo\u015b\u0107 wykonania samodzielnej adaptacji samochodu, nie zalecamy pr\u00f3bowa\u0107 tego na w\u0142asn\u0105 r\u0119k\u0119, chyba \u017ce masz do\u015bwiadczenie w elektronice i programowaniu, poniewa\u017c podczas pr\u00f3by \u0142atwo jest uszkodzi\u0107 komponenty w twoim poje\u017adzie.&nbsp;<\/h2>\n<\/div><\/div>\n","protected":false},"excerpt":{"rendered":"<p>Kodowanie samochod\u00f3w to stosunkowo nowa rzecz w \u015bwiecie motoryzacji. Oznacza modyfikacje oprogramowania w poje\u017adzie. Modyfikacja ma umo\u017cliwi\u0107 korzystanie z funkcji niedost\u0119pnych w samochodzie opuszczaj\u0105cym fabryk\u0119. Kodowanie nie oznacza zmiany oprogramowania!&nbsp;Zmienia tylko wst\u0119pnie zaprogramowane opcje, kt\u00f3re ju\u017c istniej\u0105 w oprogramowaniu. Podobnie jak elektromechanik mia\u0142yby dost\u0119p do&nbsp;ECU&nbsp;pojazdu w celu przeprowadzenia wymiany, a technicy serwisowi u\u017cywaliby portu OBD<\/p>\n<p><a href=\"http:\/\/autoimpuls.pl\/index.php\/adaptacja-kodowanie\/\" class=\"more-link themebutton\">Read More<\/a><\/p>\n","protected":false},"author":1,"featured_media":152,"parent":0,"menu_order":0,"comment_status":"closed","ping_status":"closed","template":"","meta":{"footnotes":""},"class_list":["post-136","page","type-page","status-publish","has-post-thumbnail","hentry"],"yoast_head":"<!-- This site is optimized with the Yoast SEO plugin v19.10 - https:\/\/yoast.com\/wordpress\/plugins\/seo\/ -->\n<title>Adaptacja - Kodowanie - Auto Impuls<\/title>\n<meta name=\"description\" content=\"Jeste\u015bmy w stanie zdiagnozowa\u0107 i naprawi\u0107 wszystkie usterki w Twoim samochodzie. Potrzebujesz pomocy- Zadzwo\u0144 do nas. Elektronika Samochodowa\" \/>\n<meta name=\"robots\" content=\"index, follow, max-snippet:-1, max-image-preview:large, max-video-preview:-1\" \/>\n<link rel=\"canonical\" href=\"https:\/\/autoimpuls.pl\/index.php\/adaptacja-kodowanie\/\" \/>\n<meta property=\"og:locale\" content=\"pl_PL\" \/>\n<meta property=\"og:type\" content=\"article\" \/>\n<meta property=\"og:title\" content=\"Adaptacja - Kodowanie - Auto Impuls\" \/>\n<meta property=\"og:description\" content=\"Jeste\u015bmy w stanie zdiagnozowa\u0107 i naprawi\u0107 wszystkie usterki w Twoim samochodzie. Potrzebujesz pomocy- Zadzwo\u0144 do nas. Elektronika Samochodowa\" \/>\n<meta property=\"og:url\" content=\"https:\/\/autoimpuls.pl\/index.php\/adaptacja-kodowanie\/\" \/>\n<meta property=\"og:site_name\" content=\"Auto Impuls\" \/>\n<meta property=\"article:modified_time\" content=\"2022-05-04T13:18:08+00:00\" \/>\n<meta property=\"og:image\" content=\"https:\/\/autoimpuls.pl\/wp-content\/uploads\/2022\/04\/golf-4-codieren-tipps-und-tricks-2.jpg\" \/>\n\t<meta property=\"og:image:width\" content=\"1000\" \/>\n\t<meta property=\"og:image:height\" content=\"667\" \/>\n\t<meta property=\"og:image:type\" content=\"image\/jpeg\" \/>\n<meta name=\"twitter:card\" content=\"summary_large_image\" \/>\n<meta name=\"twitter:label1\" content=\"Szacowany czas czytania\" \/>\n\t<meta name=\"twitter:data1\" content=\"2 minuty\" \/>\n<script type=\"application\/ld+json\" class=\"yoast-schema-graph\">{\"@context\":\"https:\/\/schema.org\",\"@graph\":[{\"@type\":\"WebPage\",\"@id\":\"https:\/\/autoimpuls.pl\/index.php\/adaptacja-kodowanie\/\",\"url\":\"https:\/\/autoimpuls.pl\/index.php\/adaptacja-kodowanie\/\",\"name\":\"Adaptacja - Kodowanie - Auto Impuls\",\"isPartOf\":{\"@id\":\"http:\/\/autoimpuls.pl\/#website\"},\"datePublished\":\"2022-04-07T22:46:05+00:00\",\"dateModified\":\"2022-05-04T13:18:08+00:00\",\"description\":\"Jeste\u015bmy w stanie zdiagnozowa\u0107 i naprawi\u0107 wszystkie usterki w Twoim samochodzie. Potrzebujesz pomocy- Zadzwo\u0144 do nas. Elektronika Samochodowa\",\"breadcrumb\":{\"@id\":\"https:\/\/autoimpuls.pl\/index.php\/adaptacja-kodowanie\/#breadcrumb\"},\"inLanguage\":\"pl-PL\",\"potentialAction\":[{\"@type\":\"ReadAction\",\"target\":[\"https:\/\/autoimpuls.pl\/index.php\/adaptacja-kodowanie\/\"]}]},{\"@type\":\"BreadcrumbList\",\"@id\":\"https:\/\/autoimpuls.pl\/index.php\/adaptacja-kodowanie\/#breadcrumb\",\"itemListElement\":[{\"@type\":\"ListItem\",\"position\":1,\"name\":\"Strona g\u0142\u00f3wna\",\"item\":\"http:\/\/autoimpuls.pl\/\"},{\"@type\":\"ListItem\",\"position\":2,\"name\":\"Adaptacja &#8211; Kodowanie\"}]},{\"@type\":\"WebSite\",\"@id\":\"http:\/\/autoimpuls.pl\/#website\",\"url\":\"http:\/\/autoimpuls.pl\/\",\"name\":\"Auto Impuls\",\"description\":\"Elektronika Samochodowa\",\"publisher\":{\"@id\":\"http:\/\/autoimpuls.pl\/#organization\"},\"potentialAction\":[{\"@type\":\"SearchAction\",\"target\":{\"@type\":\"EntryPoint\",\"urlTemplate\":\"http:\/\/autoimpuls.pl\/?s={search_term_string}\"},\"query-input\":\"required name=search_term_string\"}],\"inLanguage\":\"pl-PL\"},{\"@type\":\"Organization\",\"@id\":\"http:\/\/autoimpuls.pl\/#organization\",\"name\":\"Auto Impuls\",\"url\":\"http:\/\/autoimpuls.pl\/\",\"logo\":{\"@type\":\"ImageObject\",\"inLanguage\":\"pl-PL\",\"@id\":\"http:\/\/autoimpuls.pl\/#\/schema\/logo\/image\/\",\"url\":\"http:\/\/autoimpuls.pl\/wp-content\/uploads\/2022\/04\/cropped-cropped-Auto-Impuls-1.png\",\"contentUrl\":\"http:\/\/autoimpuls.pl\/wp-content\/uploads\/2022\/04\/cropped-cropped-Auto-Impuls-1.png\",\"width\":500,\"height\":334,\"caption\":\"Auto Impuls\"},\"image\":{\"@id\":\"http:\/\/autoimpuls.pl\/#\/schema\/logo\/image\/\"}}]}<\/script>\n<!-- \/ Yoast SEO plugin. -->","yoast_head_json":{"title":"Adaptacja - Kodowanie - Auto Impuls","description":"Jeste\u015bmy w stanie zdiagnozowa\u0107 i naprawi\u0107 wszystkie usterki w Twoim samochodzie. Potrzebujesz pomocy- Zadzwo\u0144 do nas. Elektronika Samochodowa","robots":{"index":"index","follow":"follow","max-snippet":"max-snippet:-1","max-image-preview":"max-image-preview:large","max-video-preview":"max-video-preview:-1"},"canonical":"https:\/\/autoimpuls.pl\/index.php\/adaptacja-kodowanie\/","og_locale":"pl_PL","og_type":"article","og_title":"Adaptacja - Kodowanie - Auto Impuls","og_description":"Jeste\u015bmy w stanie zdiagnozowa\u0107 i naprawi\u0107 wszystkie usterki w Twoim samochodzie. Potrzebujesz pomocy- Zadzwo\u0144 do nas. Elektronika Samochodowa","og_url":"https:\/\/autoimpuls.pl\/index.php\/adaptacja-kodowanie\/","og_site_name":"Auto Impuls","article_modified_time":"2022-05-04T13:18:08+00:00","og_image":[{"width":1000,"height":667,"url":"https:\/\/autoimpuls.pl\/wp-content\/uploads\/2022\/04\/golf-4-codieren-tipps-und-tricks-2.jpg","type":"image\/jpeg"}],"twitter_card":"summary_large_image","twitter_misc":{"Szacowany czas czytania":"2 minuty"},"schema":{"@context":"https:\/\/schema.org","@graph":[{"@type":"WebPage","@id":"https:\/\/autoimpuls.pl\/index.php\/adaptacja-kodowanie\/","url":"https:\/\/autoimpuls.pl\/index.php\/adaptacja-kodowanie\/","name":"Adaptacja - Kodowanie - Auto Impuls","isPartOf":{"@id":"http:\/\/autoimpuls.pl\/#website"},"datePublished":"2022-04-07T22:46:05+00:00","dateModified":"2022-05-04T13:18:08+00:00","description":"Jeste\u015bmy w stanie zdiagnozowa\u0107 i naprawi\u0107 wszystkie usterki w Twoim samochodzie. Potrzebujesz pomocy- Zadzwo\u0144 do nas. Elektronika Samochodowa","breadcrumb":{"@id":"https:\/\/autoimpuls.pl\/index.php\/adaptacja-kodowanie\/#breadcrumb"},"inLanguage":"pl-PL","potentialAction":[{"@type":"ReadAction","target":["https:\/\/autoimpuls.pl\/index.php\/adaptacja-kodowanie\/"]}]},{"@type":"BreadcrumbList","@id":"https:\/\/autoimpuls.pl\/index.php\/adaptacja-kodowanie\/#breadcrumb","itemListElement":[{"@type":"ListItem","position":1,"name":"Strona g\u0142\u00f3wna","item":"http:\/\/autoimpuls.pl\/"},{"@type":"ListItem","position":2,"name":"Adaptacja &#8211; Kodowanie"}]},{"@type":"WebSite","@id":"http:\/\/autoimpuls.pl\/#website","url":"http:\/\/autoimpuls.pl\/","name":"Auto Impuls","description":"Elektronika Samochodowa","publisher":{"@id":"http:\/\/autoimpuls.pl\/#organization"},"potentialAction":[{"@type":"SearchAction","target":{"@type":"EntryPoint","urlTemplate":"http:\/\/autoimpuls.pl\/?s={search_term_string}"},"query-input":"required name=search_term_string"}],"inLanguage":"pl-PL"},{"@type":"Organization","@id":"http:\/\/autoimpuls.pl\/#organization","name":"Auto Impuls","url":"http:\/\/autoimpuls.pl\/","logo":{"@type":"ImageObject","inLanguage":"pl-PL","@id":"http:\/\/autoimpuls.pl\/#\/schema\/logo\/image\/","url":"http:\/\/autoimpuls.pl\/wp-content\/uploads\/2022\/04\/cropped-cropped-Auto-Impuls-1.png","contentUrl":"http:\/\/autoimpuls.pl\/wp-content\/uploads\/2022\/04\/cropped-cropped-Auto-Impuls-1.png","width":500,"height":334,"caption":"Auto Impuls"},"image":{"@id":"http:\/\/autoimpuls.pl\/#\/schema\/logo\/image\/"}}]}},"_links":{"self":[{"href":"http:\/\/autoimpuls.pl\/index.php\/wp-json\/wp\/v2\/pages\/136","targetHints":{"allow":["GET"]}}],"collection":[{"href":"http:\/\/autoimpuls.pl\/index.php\/wp-json\/wp\/v2\/pages"}],"about":[{"href":"http:\/\/autoimpuls.pl\/index.php\/wp-json\/wp\/v2\/types\/page"}],"author":[{"embeddable":true,"href":"http:\/\/autoimpuls.pl\/index.php\/wp-json\/wp\/v2\/users\/1"}],"replies":[{"embeddable":true,"href":"http:\/\/autoimpuls.pl\/index.php\/wp-json\/wp\/v2\/comments?post=136"}],"version-history":[{"count":17,"href":"http:\/\/autoimpuls.pl\/index.php\/wp-json\/wp\/v2\/pages\/136\/revisions"}],"predecessor-version":[{"id":389,"href":"http:\/\/autoimpuls.pl\/index.php\/wp-json\/wp\/v2\/pages\/136\/revisions\/389"}],"wp:featuredmedia":[{"embeddable":true,"href":"http:\/\/autoimpuls.pl\/index.php\/wp-json\/wp\/v2\/media\/152"}],"wp:attachment":[{"href":"http:\/\/autoimpuls.pl\/index.php\/wp-json\/wp\/v2\/media?parent=136"}],"curies":[{"name":"wp","href":"https:\/\/api.w.org\/{rel}","templated":true}]}}